













{"id":233,"date":"2013-07-27T23:14:09","date_gmt":"2013-07-27T21:14:09","guid":{"rendered":"http:\/\/www.coop99.at\/web-coop99\/?page_id=233"},"modified":"2022-02-25T17:23:42","modified_gmt":"2022-02-25T17:23:42","slug":"barbara-albert","status":"publish","type":"page","link":"https:\/\/www.coop99.at\/wp\/barbara-albert\/","title":{"rendered":"BARBARA ALBERT"},"content":{"rendered":"\t\t<div data-elementor-type=\"wp-page\" data-elementor-id=\"233\" class=\"elementor elementor-233\" data-elementor-settings=\"[]\">\n\t\t\t\t\t\t<div class=\"elementor-inner\">\n\t\t\t\t\t\t\t<div class=\"elementor-section-wrap\">\n\t\t\t\t\t\t\t<section class=\"elementor-section elementor-top-section elementor-element elementor-element-6a34b8a2 elementor-section-boxed elementor-section-height-default elementor-section-height-default\" data-id=\"6a34b8a2\" data-element_type=\"section\">\n\t\t\t\t\t\t<div class=\"elementor-container elementor-column-gap-default\">\n\t\t\t\t\t\t\t<div class=\"elementor-row\">\n\t\t\t\t\t<div class=\"elementor-column elementor-col-100 elementor-top-column elementor-element elementor-element-25c649b9\" data-id=\"25c649b9\" data-element_type=\"column\">\n\t\t\t<div class=\"elementor-column-wrap elementor-element-populated\">\n\t\t\t\t\t\t\t<div class=\"elementor-widget-wrap\">\n\t\t\t\t\t\t<div class=\"elementor-element elementor-element-357caac6 elementor-widget elementor-widget-spacer\" data-id=\"357caac6\" data-element_type=\"widget\" data-widget_type=\"spacer.default\">\n\t\t\t\t<div class=\"elementor-widget-container\">\n\t\t\t\t\t<div class=\"elementor-spacer\">\n\t\t\t<div class=\"elementor-spacer-inner\"><\/div>\n\t\t<\/div>\n\t\t\t\t<\/div>\n\t\t\t\t<\/div>\n\t\t\t\t<div class=\"elementor-element elementor-element-64863082 elementor-widget elementor-widget-heading\" data-id=\"64863082\" data-element_type=\"widget\" data-widget_type=\"heading.default\">\n\t\t\t\t<div class=\"elementor-widget-container\">\n\t\t\t<h1 class=\"elementor-heading-title elementor-size-default\">BARBARA ALBERT<\/h1>\t\t<\/div>\n\t\t\t\t<\/div>\n\t\t\t\t<div class=\"elementor-element elementor-element-55c9b272 elementor-widget elementor-widget-text-editor\" data-id=\"55c9b272\" data-element_type=\"widget\" data-widget_type=\"text-editor.default\">\n\t\t\t\t<div class=\"elementor-widget-container\">\n\t\t\t\t\t\t\t\t<div class=\"elementor-text-editor elementor-clearfix\">\n\t\t\t\t<h5>Regisseurin, Autorin, Produzentin<\/h5>\t\t\t\t\t<\/div>\n\t\t\t\t\t\t<\/div>\n\t\t\t\t<\/div>\n\t\t\t\t<div class=\"elementor-element elementor-element-22486919 elementor-widget elementor-widget-text-editor\" data-id=\"22486919\" data-element_type=\"widget\" data-widget_type=\"text-editor.default\">\n\t\t\t\t<div class=\"elementor-widget-container\">\n\t\t\t\t\t\t\t\t<div class=\"elementor-text-editor elementor-clearfix\">\n\t\t\t\t<p><img loading=\"lazy\" class=\"size-medium wp-image-58985 alignleft\" src=\"https:\/\/www.coop99.at\/wp\/wp-content\/uploads\/barbara_albert_cnick_albert_ngf_web-205x300.jpg\" alt=\"\" width=\"205\" height=\"300\" srcset=\"https:\/\/www.coop99.at\/wp\/wp-content\/uploads\/barbara_albert_cnick_albert_ngf_web-205x300.jpg 205w, https:\/\/www.coop99.at\/wp\/wp-content\/uploads\/barbara_albert_cnick_albert_ngf_web.jpg 500w\" sizes=\"(max-width: 205px) 100vw, 205px\" \/><\/p><p style=\"text-align: justify;\">wurde 1970 in Wien geboren. Sie studierte zun\u00e4chst Theaterwissenschaft, Germanistik und Publizistik bevor sie 1991 mit dem Regie- und Drehbuchstudium an der Wiener Filmakademie begann. Sie arbeitete als Regie- und Schnittassistentin und spielte als Schauspielerin unter anderem in &#8222;Memory of the Unknown&#8220; (Regie: Natalie Alonso Casale) und &#8222;Crash Test Dummies&#8220; (Regie: J\u00f6rg Kalt) mit. Ihren international erfolgreichen Kurzfilmen folgte der erste Langspielfilm &#8222;Nordrand&#8220;, der 1999 bei den Filmfestspielen in Venedig gezeigt wurde. Nina Proll gewann den Marcello Mastroianni-Preis als beste Nachwuchsschauspielerin. Im selben Jahr gr\u00fcndete Barbara Albert gemeinsam mit Martin Gschlacht, Jessica Hausner und Antonin Svoboda die Produktionsfirma coop99. Barbara Albert fungierte als Co-Autorin bei &#8222;Grbavica&#8220; (Goldener B\u00e4r bei der Berlinale 2006), &#8222;Slumming&#8220; (im Wettbewerb der Berlinale 2006), &#8222;Das Fr\u00e4ulein&#8220; (Goldener Leopard in Locarno 2006) und &#8222;Struggle&#8220; (Cannes 2003). Au\u00dferdem schrieb sie das Drehbuch zum Spielfilm &#8222;Auswege&#8220; (Regie: Nina Kusturica, Berlinale 2004, Perspektiven des jungen Films). Als Produzentin war Barbara Albert mitverantwortlich f\u00fcr &#8222;Darwin&#8217;s Nightmare&#8220; (Hubert Sauper), &#8222;Die fetten Jahre sind vorbei&#8220; (Hans Weingartner) und &#8222;Schl\u00e4fer&#8220; (Benjamin Heisenberg).<\/p><p style=\"text-align: justify;\">Daneben war (und ist) sie als Gastprofessorin und Lektorin an mehreren Hochschulen in \u00d6sterreich und Deutschland t\u00e4tig (Wiener Filmakademie, ifs K\u00f6ln, KHM Karlsruhe, FH St. P\u00f6lten). 2007 wurde ihr Sohn Tristan Sunny geboren, seit 2010 lebt sie in Berlin.\u00a0<br \/>2012 erhielt sie den \u00d6sterreichischen Kunstpreis f\u00fcr Film. Von 2009-2011 war Barbara Albert, gemeinsam mit Karl Markovics, Pr\u00e4sidentin der Akademie des \u00d6sterreichischen Films. Seit M\u00e4rz 2013 ist sie Professorin f\u00fcr Spielfilmregie an der Filmuniversit\u00e4t Babelsberg KONRAD WOLF.<\/p>\t\t\t\t\t<\/div>\n\t\t\t\t\t\t<\/div>\n\t\t\t\t<\/div>\n\t\t\t\t<div class=\"elementor-element elementor-element-268e0527 elementor-widget-divider--view-line_icon elementor-view-default elementor-widget-divider--element-align-center elementor-widget elementor-widget-divider\" data-id=\"268e0527\" data-element_type=\"widget\" data-widget_type=\"divider.default\">\n\t\t\t\t<div class=\"elementor-widget-container\">\n\t\t\t\t\t<div class=\"elementor-divider\">\n\t\t\t<span class=\"elementor-divider-separator\">\n\t\t\t\t\t\t\t<div class=\"elementor-icon elementor-divider__element\">\n\t\t\t\t\t<i aria-hidden=\"true\" class=\"fas fa-circle\"><\/i><\/div>\n\t\t\t\t\t\t<\/span>\n\t\t<\/div>\n\t\t\t\t<\/div>\n\t\t\t\t<\/div>\n\t\t\t\t<div class=\"elementor-element elementor-element-5c385d28 elementor-widget elementor-widget-text-editor\" data-id=\"5c385d28\" data-element_type=\"widget\" data-widget_type=\"text-editor.default\">\n\t\t\t\t<div class=\"elementor-widget-container\">\n\t\t\t\t\t\t\t\t<div class=\"elementor-text-editor elementor-clearfix\">\n\t\t\t\t<h2>FILMOGRAFIE REGIE<\/h2><div>\u00a0<\/div><p><strong>Licht \/ Mademoiselle Paradis<\/strong> (2017)<br \/>Spielfilm, 97 min<br \/>Internationale Premiere: Toronto Film Festival 2017<br \/>Europa Premiere: San Sebastian Film Festival 2017<br \/>\u00d6sterreichischer Filmpreis 2018: Beste Kamera, bestes Szenenbild, bestes Kost\u00fcmbild, beste Maske, beste weibliche Nebendarstellerin<\/p><p>\u00a0<\/p><p><strong>Die Lebenden<\/strong>\u00a0(2012)<br \/>Spielfilm, 112 min<\/p><p>International Film Festival San Sebastian 2012, Wettbewerb<\/p><p><strong>\u00a0<\/strong><\/p><p><strong>Fallen<\/strong>\u00a0(2006)<strong><br \/><\/strong>Spielfilm, 90 min<\/p><p>Internationale Filmfestspiele Venedig 2006, Wettbewerb<br \/>Festivalteilnahmen\u00a0(Auswahl): \u00a0Toronto, Reykjavik, New York, Pusan London, Saarbr\u00fccken, Rotterdam Belgrad, Alba (6th Infinity Festival), Istanbul, Buenos Aires, Washington Dc, San Francisco, Melbourne, Brisbane<\/p><p>Preise:<\/p><p>Filmkunstfest Mecklenburg-Vorpommern, Schwerin:\u00a0Hauptpreis Fliegender Ochse<br \/>Max-Oph\u00fcls-Preis Filmfestival Saarbr\u00fccken:\u00a0Preis f\u00fcr die beste Nachwuchsdarstellerin Gabriela Heged\u00fcs<\/p><p><strong>\u00a0<\/strong><\/p><p><strong>Mars<\/strong>\u00a0(2004)<br \/>Kurzfilm, 5 min<\/p><p>\u00d6sterreichischer Beitrag F\u00fcr Visions Of Europe \u2013 25 Kurzfilme Von 25 Europ\u00e4ischen Regisseurinnen. Gemeinsam Fatih Akin, Sharunas Bartas, Andy Bausch, Tony Gatlif, Sasa Gedeon, Aki Kaurism\u00e4ki, Malgorzata Szumowska u.a.<\/p><p>\u00a0<\/p><p><strong>B\u00f6se Zellen<\/strong>\u00a0(2003)<strong><br \/><\/strong>Spielfilm, 120 min<\/p><p>Locarno International Film Festival 2003, Wettbewerb<br \/>Festivalteilnahmen (Auswahl):\u00a0Toronto, Vancouver, New York, London, Hof, Stockholm, Tallinn, Thessaloniki, Rotterdam, Helsinki, Mar Del Plata, Kopenhagen, Hong Kong), Buenos Aires, Bangkok, Shanghai, Sydney, Jerusalem<\/p><p>\u00a0<\/p><p><strong>Zur Lage<\/strong>\u00a0(2002)<strong><br \/><\/strong>Dokumentarfilm, Episode 30 min<br \/>gemeinsam mit Ulrich Seidl, Michael Glawogger und Michael Sturminger.<br \/>Locarno International Film Festival 2002<br \/>Festivalteilnahmen (Auswahl):\u00a0Hof, Jihlava, London, Florenz, Amsterdam (15Th International Documentary Filmfestival)<br \/>Besondere Erw\u00e4hnung der Internationalen Jury des Internationalen Filmfestival Florenz<\/p><p>\u00a0<\/p><p><strong>Nordrand<\/strong>\u00a0(1999)<strong><br \/><\/strong>Spielfilm, 103 min<\/p><p>Internationale Filmfestspiele Venedig 1999, Wettbewerb<br \/>Festivalteilnahmen (Auswahl):\u00a0Toronto, Pusan, Hof, Seattle, Thessaloniki, Stockholm, Triest, Br\u00fcssel, New York, Singapore, Hong Kong, Sydney, Jerusalem, Moskau<br \/>Preise:<br \/>Marcello Mastroianni Prize: Best Young Actress Nina Proll<br \/>Viennale 1999: Wiener Filmpreis<br \/>Preis Der Internationalen Fipresci-Jury<br \/>Int. Stockholm Film Festival: Best First Feature<br \/>Max-Oph\u00fcls-Preis Filmfestival Saarbr\u00fccken: F\u00f6rderpreis Langfilm<br \/>Femina-Filmpreis F\u00fcr Kamerafrau Christine A. Maier<br \/>John Templeton Award 2000<\/p><p>\u00a0<\/p><p><strong>Slidin&#8216; \u2013 Alles bunt und wunderbar (Tagada)<\/strong>\u00a0(1997)<strong><br \/><\/strong>Kurzfilm, 30 min<br \/>Rotterdam Int. Filmfestival 1999, Tiger Award Competition<br \/>Diverse Festivalteilnahmen<\/p><p>\u00a0<\/p><p><strong>Somewhere else<\/strong>\u00a0 (1997)<br \/>Dokumentarfilm, 60 min<\/p><p>\u00a0<\/p><p><strong>Sonnenflecken<\/strong>\u00a0(1996)<strong><br \/><\/strong>Kurzfilm, 25 min<\/p><p>Diverse Festivalteilnahmen<br \/>Preise:<br \/>Win Femme Film Festival<br \/>Los Angeles 1999: Best Short Film<\/p><p>\u00a0<\/p><p><strong>Die Frucht deines Leibes<\/strong>\u00a0(1994)<br \/>Kurzfilm,\u00a0, 27 min<br \/>Filmfestspiele Venedig 1996<br \/>Preise:<br \/>Int. Filmfestival Locarno 1997: Leopards of tomorrow, Prix SSR<br \/>Rencontres Internationales Henri Langlois Festival du Film, Poitiers: Le Prix Sp\u00e9cial du Jury<br \/>Krakow International Short Film Festival: The Jury&#8217;s Diploma of Honour<br \/>31st Humboldt International Film Festival, Arcata &#8217;98: Best Film of the Festival, Best International Film<\/p><p>\u00a0<\/p><p><strong>Nachtschwalben\u00a0<\/strong>(1993)<br \/>Kurzfilm,\u00a07 min<br \/>Preise:<br \/>Max Oph\u00fcls-Preis Saarbr\u00fccken 1994: Bester Kurzfilm<br \/>Studentenfilmfestival Wien 1994: Bester Kurzfilm<\/p><p>\u00a0<\/p><hr \/><h2>FILMOGRAFIE DREHBUCH<\/h2><p>\u00a0<\/p><p><strong>Quo Vadis, Aida?<\/strong> (2020)<br \/>Von Jasmila \u017dbani\u0107<br \/>Oscar Nominierung 2021<br \/>\u00d6sterreichischer Filmpreis 2021: Beste weibliche Nebenrolle \u2013 Edita Malov\u010di\u0107, Beste Kamera \u2013 Christine A. Maier, Beste Maske \u2013 Michaela Payer, Bestes Szenenbild \u2013 Hannes Salat<br \/>Romy Nominierung 2021: Bestes Buch Kino, Beste Produktion, Beste Regie Kino, Beste Kamera Kino<\/p><p>\u00a0<\/p><p><strong>Me,We<\/strong> (2020)<br \/>von David Clay Diaz, 2021<br \/>Filmkunstfest Mecklenburg-Vorpommern: Der Fliegende Ochse 2021<\/p><p>\u00a0<\/p><p><strong>Fire in Cairo\u00a0<\/strong>(2010)<br \/>Drehbuch f\u00fcr einen 90 min-Film \u2013 in Entwicklung<br \/>gef\u00f6rdert von ScriptLAB, Drehbuchforum und dem \u00d6sterreichischen Filminstitut, Stoffbeirat<\/p><p><strong>\u00a0<\/strong><\/p><p><strong>Die Lebenden<\/strong>\u00a0(2009)<br \/>Spielfilm, 112 min &#8211; selbst verfilmt<br \/>Weltpremiere: International Film Festival San Sebastian 2012, Wettbewerb<\/p><p><strong>\u00a0<\/strong><\/p><p><strong>Me (Ich)<\/strong>\u00a0(2007)<br \/>90 min<\/p><p><strong>\u00a0<\/strong><\/p><p><strong>Fallen<\/strong>\u00a0(2005)<br \/>Spielfilm, 90 min &#8211; selbst verfilmt<br \/>Weltpremiere: Internationale Filmfestspiele Venedig 2006, Wettbewerb<\/p><p><strong>\u00a0<\/strong><\/p><p><strong>Auswege\u00a0<\/strong>(2005)<br \/>Spielfilm, 90 min<br \/>von Nina Kusturica<br \/>Weltpremiere: Berlinale 2004, Perspektiven des jungen Films<\/p><p><strong>\u00a0<\/strong><\/p><p><strong>Mars\u00a0<\/strong>(2004)<br \/>Kurzfilm, 5 min &#8211; selbst verfilmt<br \/>\u00d6sterreichischer Beitrag f\u00fcr VISIONS OF EUROPE \u2013 25 Kurzfilme von 25 europ\u00e4ischen RegisseurInnen<\/p><p>\u00a0<\/p><p><strong>B\u00f6se Zellen\u00a0<\/strong>(2002)<br \/>Spielfim, 120 min &#8211; selbst verfilmt<br \/>Weltpremiere des Films: Locarno International Film Festival 2003, Wettbewerb<\/p><p>\u00a0<\/p><p><strong>Nordrand\u00a0<\/strong>(1998)<br \/>Spielfilm, 100 min &#8211; selbst verfilmt<br \/>Weltpremiere des Films: Internationale Filmfestspiele Venedig 1999, Wettbewerb<\/p><p>\u00a0<\/p><p><strong>Slidin&#8216; \u2013 Alles bunt und wunderbar (&#8222;Tagada&#8220;)\u00a0<\/strong>(1997)<br \/>Kurzfilm, 30 min &#8211; selbst verfilmt<br \/>Weltpremiere des Films: Rotterdam International Filmfestival 1999, Tiger Award Competition<\/p><p>\u00a0<\/p><p><strong>Sonnenflecken\u00a0<\/strong>(1996)<br \/>Kurzfilm, 25 min &#8211; selbst verfilmt<\/p><p>\u00a0<\/p><p><strong>Die Frucht deines Leibes\u00a0<\/strong>(1994)<br \/>Kurzfilm, 27 min &#8211; selbst verfilmt<br \/>Filmfestspiele Venedig 1996<\/p><p>\u00a0<\/p><p><strong>Nachtschwalben\u00a0<\/strong>(1993)<br \/>Kurzfilm, 7 min &#8211; selbst verfilmt<br \/>Max Oph\u00fcls-Preis Saarbr\u00fccken 1994: Bester Kurzfilm<\/p><hr \/><h2>\u00a0<\/h2><h2>FILMOGRAFIE als CO-AUTORIN<\/h2><p><strong>Nadine und Vladimir<\/strong>, 90 min &#8211; 2011<br \/>ORF-Auftragsarbeit<br \/>\u00dcberarbeitung eines Drehbuchs von Marlene Streeruwitz<\/p><p>\u00a0<\/p><p><strong>Cure<\/strong>, 90 min &#8211; 2010<br \/>mit Andrea Staka (CH)<br \/>in Produktion<\/p><p>\u00a0<\/p><p><strong>Grbavica (Esmas Geheimnis)<\/strong>, 90 min &#8211; 2005<br \/>mit Jasmila Zbanic (BIH)<br \/>Regie: Jasmila Zbanic<br \/>Weltpremiere auf der Berlinale 2006, Wettbewerb: Gewinner des Goldenen B\u00e4ren<\/p><p>\u00a0<\/p><p><strong>Das Fr\u00e4ulein<\/strong>, 90 min &#8211; 2005<br \/>mit Andrea Staka (CH)<br \/>Regie: Andrea Staka<br \/>Weltpremiere auf dem Filmfestival Locarno 2006, Wettbewerb: Gewinner des Goldenen Leoparden<\/p><p>\u00a0<\/p><p><strong>Slumming<\/strong>, 90 min &#8211; 2005<br \/>mit Michael Glawogger<br \/>Regie: Michael Glawogger<br \/>Weltpremiere auf der Berlinale 2006, Wettbewerb<\/p><p>\u00a0<\/p><p><strong>Struggle<\/strong>, 90 min &#8211; 2003<br \/>mit Ruth Mader<br \/>Regie: Ruth Mader<br \/>Weltpremiere auf dem Internationalen Filmfestival Cannes 2003, Un Certain Regard<\/p><hr \/><h2>\u00a0<\/h2><h2>PREISE ALS DREHBUCHAUTORIN<\/h2><p>Flanders International Film Festival 2006<br \/>Drehbuchpreis gemeinsam mit Michael Glawogger f\u00fcr &#8222;Slummming&#8220;<br \/>Thomas Pluch Drehbuch Preis des Bundeskanzleramtes 2004 f\u00fcr &#8222;B\u00f6se zellen&#8220;<br \/>Max-Oph\u00fcls-Preis Saarbr\u00fccken 2000<br \/>Bestes Drehbuch f\u00fcr &#8222;Nordrand&#8220;<br \/>Thomas Pluch F\u00f6rderpreis des Bundeskanzleramtes 1998<br \/>f\u00fcr &#8222;Slidin\u2019 \u2013 alles bunt und wunderbar<br \/>Carl Mayer Drehbuchpreis 1996 f\u00fcr das Treatment von &#8222;Nordrand&#8220;<\/p><hr \/><h2>\u00a0<\/h2><h2>FILMOGRAFIE ALS SCHAUSPIELERIN<\/h2><p>&#8222;Russian girl&#8220; in Memory of the Unknown 1996,\u00a0Regie: Nathalie A. Casale (NL)<br \/>&#8222;Rita&#8220; in Crash Test Dummies 2005,\u00a0Regie: J\u00f6rg Kalt<\/p><hr \/><h2>\u00a0<\/h2><h2>WERKSCHAUEN<\/h2><p>Alba Infinity Film Festival 2006<\/p><p>Cork Film Festival 2004<\/p><h2>\u00a0<\/h2><hr \/><h2>FILMOGRAFIE ALS PRODUZENTIN<\/h2><p><strong>On the path (Na Putu)<\/strong>\u00a0von Jasmila Zbanic, 2010<\/p><p><strong>M\u00e4rz<\/strong>\u00a0von H\u00e4ndl Klaus, 2008<br \/>Silberner Leopard f\u00fcr das beste Erstlingswerk auf dem Internationalen Filmfestival in Locarno<br \/>Spezialpreis der Jury beim Sarajevo Film Festival<\/p><p><strong>Grbavica (Esmas Geheimnis)<\/strong>\u00a0von Jasmila Zbanic, 2005<br \/>Goldener B\u00e4r f\u00fcr den besten Film, Berlinale 2006<\/p><p><strong>Die fetten Jahre sind vorbei<\/strong>\u00a0von Hans Weingartner, 2004<br \/>Deutscher Filmpreis in Silber in der Kategorie &#8222;Bester Spielfilm&#8220;<br \/>Deutscher Filmpreis f\u00fcr Burghart Klau\u00dfner als &#8222;Bester m\u00e4nnlicher Nebendarsteller&#8220;<br \/>Publikumspreis beim Miami International Film Festival<br \/>Filmfest M\u00fcnchen: F\u00f6rderpreis Deutscher Film: Regie, Darsteller, Drehbuch Preis der deutschen Filmkritik 2004 f\u00fcr besten Spielfilm und beste Darstellerin Julia Jentsch<br \/>26. Bayerischer Filmpreis f\u00fcr Julia Jentsch als beste Nachwuchsdarstellerin<br \/>Silberner Giraldillo, Festival de Cine in Sevilla<\/p><p><strong>Darwin&#8217;s Nightmare<\/strong>\u00a0von Hubert Sauper, 2004<br \/>Academy Award Nominee Best Documentary Feature<br \/>Les C\u00e9sars du Cinema Nomin\u00e9 dans la categorie Meilleur Premiere Film<\/p><p><strong>Schl\u00e4fer<\/strong>\u00a0von Benjamin Heisenberg, 2004<br \/>Max-Oph\u00fcls-Preis, Bestes Drehbuch und Beste Filmmusik Saarbr\u00fccken 2006<br \/>Filmfestival Angers: Prix Sp\u00e9cial Du Jury<\/p><p><strong>Lovely Rita<\/strong>\u00a0von Jessica Hausner, 2002<br \/>Wiener Filmpreis 2002<br \/>FIPRESCI Award: Special Mention, 2002<\/p>\t\t\t\t\t<\/div>\n\t\t\t\t\t\t<\/div>\n\t\t\t\t<\/div>\n\t\t\t\t\t\t<\/div>\n\t\t\t\t\t<\/div>\n\t\t<\/div>\n\t\t\t\t\t\t\t\t<\/div>\n\t\t\t\t\t<\/div>\n\t\t<\/section>\n\t\t\t\t\t\t<\/div>\n\t\t\t\t\t\t<\/div>\n\t\t\t\t\t<\/div>\n\t\t","protected":false},"excerpt":{"rendered":"<p>BARBARA ALBERT Regisseurin, Autorin, Produzentin wurde 1970 in Wien geboren. Sie studierte zun\u00e4chst Theaterwissenschaft, Germanistik und Publizistik bevor sie 1991 mit dem Regie- &hellip;<\/p>\n","protected":false},"author":1,"featured_media":0,"parent":0,"menu_order":0,"comment_status":"closed","ping_status":"closed","template":"","meta":{"wpupg_custom_link":[],"wpupg_custom_link_behaviour":[],"wpupg_custom_image":[],"wpupg_custom_image_id":[],"_vp_format_video_url":"","_vp_image_focal_point":[]},"acf":[],"_links":{"self":[{"href":"https:\/\/www.coop99.at\/wp\/wp-json\/wp\/v2\/pages\/233"}],"collection":[{"href":"https:\/\/www.coop99.at\/wp\/wp-json\/wp\/v2\/pages"}],"about":[{"href":"https:\/\/www.coop99.at\/wp\/wp-json\/wp\/v2\/types\/page"}],"author":[{"embeddable":true,"href":"https:\/\/www.coop99.at\/wp\/wp-json\/wp\/v2\/users\/1"}],"replies":[{"embeddable":true,"href":"https:\/\/www.coop99.at\/wp\/wp-json\/wp\/v2\/comments?post=233"}],"version-history":[{"count":5,"href":"https:\/\/www.coop99.at\/wp\/wp-json\/wp\/v2\/pages\/233\/revisions"}],"predecessor-version":[{"id":62252,"href":"https:\/\/www.coop99.at\/wp\/wp-json\/wp\/v2\/pages\/233\/revisions\/62252"}],"wp:attachment":[{"href":"https:\/\/www.coop99.at\/wp\/wp-json\/wp\/v2\/media?parent=233"}],"curies":[{"name":"wp","href":"https:\/\/api.w.org\/{rel}","templated":true}]}}